{"id":1500,"date":"2025-02-24T13:51:32","date_gmt":"2025-02-24T13:51:32","guid":{"rendered":"https:\/\/brewbusamsterdam.com\/?page_id=1500"},"modified":"2025-09-26T11:06:14","modified_gmt":"2025-09-26T11:06:14","slug":"haufig-gestellte-fragen","status":"publish","type":"page","link":"https:\/\/brewbusamsterdam.com\/de\/haufig-gestellte-fragen\/","title":{"rendered":"H\u00e4ufig gestellte Fragen"},"content":{"rendered":"<div data-elementor-type=\"wp-page\" data-elementor-id=\"1500\" class=\"elementor elementor-1500\" data-elementor-post-type=\"page\">\n\t\t\t\t\t\t<section class=\"elementor-section elementor-top-section elementor-element elementor-element-23a4926b elementor-section-boxed elementor-section-height-default elementor-section-height-default\" data-id=\"23a4926b\" data-element_type=\"section\">\n\t\t\t\t\t\t<div class=\"elementor-container elementor-column-gap-default\">\n\t\t\t\t\t<div class=\"elementor-column elementor-col-100 elementor-top-column elementor-element elementor-element-569f4bd5\" data-id=\"569f4bd5\" data-element_type=\"column\">\n\t\t\t<div class=\"elementor-widget-wrap elementor-element-populated\">\n\t\t\t\t\t\t<div class=\"elementor-element elementor-element-63a4966 elementor-widget elementor-widget-text-editor\" data-id=\"63a4966\" data-element_type=\"widget\" data-widget_type=\"text-editor.default\">\n\t\t\t\t<div class=\"elementor-widget-container\">\n\t\t\t\t\t\t\t\t\t<h1>\u00a0<\/h1><h2><strong>Ich sehe eine Bierverkostung und eine Brauereif\u00fchrung. Was ist der Unterschied?<\/strong><\/h2><p><strong>\u00a0<\/strong><\/p><p>Wir bieten tats\u00e4chlich zwei verschiedene Biertouren an: eine separate einst\u00fcndige Bierverkostung in Amsterdam, die \u201eMystery Beer Tasting\u201c. Klicken Sie hier f\u00fcr weitere Informationen und Tickets. <a href=\"https:\/\/brewbusamsterdam.com\/de\/tours\/bierverkostung-amsterdam\/\"><strong>Klicken Sie hier f\u00fcr weitere Informationen und Tickets.<\/strong><\/a><\/p><p>Die andere Tour ist die Brauereif\u00fchrung. Wir fahren mit dem Bus zu drei verschiedenen Brauereien, um dort Bier zu verkosten und einen Blick hinter die Kulissen der Brauerei zu werfen. Klicken Sie hier f\u00fcr weitere Informationen und Tickets.<b> <a href=\"https:\/\/brewbusamsterdam.com\/de\/tours\/brauereifuhrung-amsterdam\/\">Klicken Sie hier f\u00fcr weitere Informationen und Tickets.<\/a><\/b><\/p><p>\u00a0<\/p><h2><strong>Wo f\u00e4hrt der Brauereibus ab?<\/strong><\/h2><p><strong>\u00a0<\/strong><\/p><p>Der Brauereibus f\u00e4hrt und endet am Overhoeksplein. Direkt hinter dem Hauptbahnhof nehmen Sie die kostenlose F\u00e4hre zum Buiksloterweg, von dort sind es nur wenige Gehminuten.<\/p><p>Bei einer privaten Tour k\u00f6nnen wir von jedem beliebigen Ort aus starten und enden, auch au\u00dferhalb von Amsterdam. Hierf\u00fcr wird oft ein (geringe) Aufpreis erhoben.<\/p><p>\u00a0<\/p><h2><strong>Wo findet die Bierverkostung statt?<\/strong><\/h2><p><strong>\u00a0<\/strong><\/p><p>Auch diese findet hinter dem Hauptbahnhof, in der N\u00e4he des Overhoekspleins, statt. Es gibt noch eine \u00dcberraschung: Sobald Sie Ihre Tickets gebucht haben, sehen Sie den Ort.<\/p><p>\u00a0<\/p><h2><strong>Trinkt jemand in Ihrer Gruppe kein Bier?<\/strong><\/h2><p><strong>\u00a0<\/strong><\/p><p>Alternativ organisieren wir gerne ein Glas Wein oder ein Erfrischungsgetr\u00e4nk. Auch ein alkoholfreies Bier ist m\u00f6glich.<\/p><p>\u00a0<\/p><h2><strong>Die Teilnehmerzahl hat sich ge\u00e4ndert.<\/strong><\/h2><p><strong>\u00a0<\/strong><\/p><p>Sie k\u00f6nnen Ihre Teilnehmerzahl bis zu 48 Stunden im Voraus \u00e4ndern. Also kein Problem.<\/p><p>\u00a0<\/p><h2><strong>Wie lange im Voraus sollte ich buchen?<\/strong><\/h2><p><strong>\u00a0<\/strong><\/p><p>Wir empfehlen, so fr\u00fch wie m\u00f6glich zu buchen, um Entt\u00e4uschungen zu vermeiden, insbesondere bei (gr\u00f6\u00dferen) Gruppen. Wir haben jedoch oft noch kurzfristig Pl\u00e4tze frei.<\/p><p>\u00a0<\/p><h2><strong>Hoe lang duurt de brouwerijen tour?<\/strong><\/h2><p><strong>\u00a0<\/strong><\/p><p>De tour duurt in totaal 3 uur<\/p><p>\u00a0<\/p><h2><strong>Ist die Brauereif\u00fchrung rollstuhlgerecht?<\/strong><\/h2><p><strong>\u00a0<\/strong><\/p><p>Leider nicht. Wenn Sie jedoch aus Ihrem Rollstuhl aufstehen k\u00f6nnen und beim Ein- und Aussteigen Hilfe bekommen, ist dies durchaus m\u00f6glich.<\/p><p>Unsere Bierverkostung ist rollstuhlgerecht und findet jeden Donnerstag bis Sonntag um 16:00 Uhr statt. Hier geht's zu weiteren Informationen und Tickets. <strong><a href=\"https:\/\/brewbusamsterdam.com\/de\/tours\/bierverkostung-amsterdam\/\">Klicken Sie hier f\u00fcr weitere Informationen und Tickets.<\/a><\/strong><\/p><p><strong><a href=\"https:\/\/brewbusamsterdam.com\/de\/tours\/bierverkostung-amsterdam\/\">\u00a0<\/a><\/strong><\/p><h2><strong>Kann ich den Bus privat buchen?<\/strong><\/h2><p><strong>\u00a0<\/strong><\/p><p>Das ist selbstverst\u00e4ndlich m\u00f6glich, beachten Sie jedoch, dass die Preise je nach Teilnehmerzahl variieren. Diese finden Sie auf <em><strong><a href=\"https:\/\/brewbusamsterdam.com\/de\/tours\/bier-tour-amsterdam\/\">der Seite \u201ePrivat\u201c f\u00fcr Gruppen.<\/a><\/strong><\/em>.<\/p><p>\u00a0<\/p><h2><strong>Kann ich eigene Getr\u00e4nke mitbringen?<\/strong><\/h2><p><strong>\u00a0<\/strong><\/p><p>Das Mitbringen eigener Getr\u00e4nke im Bus ist nicht gestattet.<\/p><p>\u00a0<\/p><h2><strong>Kann ich in den Brauereien essen?\u00a0<\/strong><\/h2><p><strong>\u00a0<\/strong><\/p><p>Das ist selbstverst\u00e4ndlich m\u00f6glich, allerdings sind Snacks nicht inbegriffen und m\u00fcssen vor Ort bezahlt werden.<\/p><p>Es ist auch m\u00f6glich, in der letzten Brauerei zu Abend zu essen; dies kann kurzfristig entschieden werden. Bei gr\u00f6\u00dferen Gruppen ist es jedoch ratsam, uns im Voraus zu informieren.<\/p><p>\u00a0<\/p><h2><strong>Ich habe einen Geschenkgutschein \/ Ich m\u00f6chte einen Geschenkgutschein verschenken.<\/strong><\/h2><p><strong>\u00a0<\/strong><\/p><p>Super! Wir haben sogar eine ganze Seite dazu. <a href=\"https:\/\/brewbusamsterdam.com\/de\/tours\/biergeschenk\/\"><b>Klicken Sie hier, um weitere Informationen zu erhalten und zu erfahren, wie Sie ihn einl\u00f6sen k\u00f6nnen.<\/b><\/a><\/p><p>\u00a0<\/p><h2><strong>Meine Frage ist nicht aufgef\u00fchrt.<\/strong><\/h2><h4><strong>\u00a0<\/strong><\/h4><p>Schade, aber schreib uns gerne eine WhatsApp-Nachricht oder eine E-Mail, wir antworten oft sofort. \ud83d\ude09<\/p><p>\u00a0<\/p>\t\t\t\t\t\t\t\t<\/div>\n\t\t\t\t<\/div>\n\t\t\t\t<div class=\"elementor-element elementor-element-025dea5 elementor-widget elementor-widget-image\" data-id=\"025dea5\" data-element_type=\"widget\" data-widget_type=\"image.default\">\n\t\t\t\t<div class=\"elementor-widget-container\">\n\t\t\t\t\t\t\t\t\t\t\t\t\t\t\t<img fetchpriority=\"high\" decoding=\"async\" width=\"800\" height=\"446\" src=\"https:\/\/brewbusamsterdam.com\/wp-content\/uploads\/2025\/03\/Brew-Bus-afbeelding--1024x571.png\" class=\"attachment-large size-large wp-image-1534\" alt=\"de meest gestelde vragen\" srcset=\"https:\/\/brewbusamsterdam.com\/wp-content\/uploads\/2025\/03\/Brew-Bus-afbeelding--1024x571.png 1024w, https:\/\/brewbusamsterdam.com\/wp-content\/uploads\/2025\/03\/Brew-Bus-afbeelding--300x167.png 300w, https:\/\/brewbusamsterdam.com\/wp-content\/uploads\/2025\/03\/Brew-Bus-afbeelding--768x428.png 768w, https:\/\/brewbusamsterdam.com\/wp-content\/uploads\/2025\/03\/Brew-Bus-afbeelding--1536x857.png 1536w, https:\/\/brewbusamsterdam.com\/wp-content\/uploads\/2025\/03\/Brew-Bus-afbeelding--2048x1142.png 2048w, https:\/\/brewbusamsterdam.com\/wp-content\/uploads\/2025\/03\/Brew-Bus-afbeelding--18x10.png 18w\" sizes=\"(max-width: 800px) 100vw, 800px\" \/>\t\t\t\t\t\t\t\t\t\t\t\t\t\t\t<\/div>\n\t\t\t\t<\/div>\n\t\t\t\t\t<\/div>\n\t\t<\/div>\n\t\t\t\t\t<\/div>\n\t\t<\/section>\n\t\t\t\t<\/div>","protected":false},"excerpt":{"rendered":"<p>\u00a0 Ik zie een bierproeverij en een brouwerijen tour, wat is het verschil? \u00a0 We bieden inderdaad twee verschillende bier uitjes aan, een losse bierproeverij in Amsterdam van 1 uur, deze heet de &#8216;Mystery Beer Tasting&#8217;. Klik hier voor meer info &amp; tickets Het andere uitje is de Brouwerijen tour. Dan gaan we met de [&hellip;]<\/p>","protected":false},"author":2,"featured_media":1534,"parent":0,"menu_order":0,"comment_status":"closed","ping_status":"closed","template":"","meta":{"footnotes":""},"class_list":["post-1500","page","type-page","status-publish","has-post-thumbnail","hentry"],"yoast_head":"<!-- This site is optimized with the Yoast SEO plugin v25.6 - https:\/\/yoast.com\/wordpress\/plugins\/seo\/ -->\n<title>De meest gestelde vragen - BREW BUS<\/title>\n<meta name=\"description\" content=\"De meest gestelde vragen. Wij hebben de antwoorden op bijna alle vragen, staat je vraag er toch niet tussen? Stuur even een berichtje\" \/>\n<meta name=\"robots\" content=\"index, follow, max-snippet:-1, max-image-preview:large, max-video-preview:-1\" \/>\n<link rel=\"canonical\" href=\"https:\/\/brewbusamsterdam.com\/de\/haufig-gestellte-fragen\/\" \/>\n<meta property=\"og:locale\" content=\"de_DE\" \/>\n<meta property=\"og:type\" content=\"article\" \/>\n<meta property=\"og:title\" content=\"De meest gestelde vragen - BREW BUS\" \/>\n<meta property=\"og:description\" content=\"De meest gestelde vragen. Wij hebben de antwoorden op bijna alle vragen, staat je vraag er toch niet tussen? Stuur even een berichtje\" \/>\n<meta property=\"og:url\" content=\"https:\/\/brewbusamsterdam.com\/de\/haufig-gestellte-fragen\/\" \/>\n<meta property=\"og:site_name\" content=\"BREW BUS\" \/>\n<meta property=\"article:modified_time\" content=\"2025-09-26T11:06:14+00:00\" \/>\n<meta property=\"og:image\" content=\"https:\/\/brewbusamsterdam.com\/wp-content\/uploads\/2025\/03\/Brew-Bus-afbeelding--1024x571.png\" \/>\n\t<meta property=\"og:image:width\" content=\"1024\" \/>\n\t<meta property=\"og:image:height\" content=\"571\" \/>\n\t<meta property=\"og:image:type\" content=\"image\/png\" \/>\n<meta name=\"twitter:card\" content=\"summary_large_image\" \/>\n<meta name=\"twitter:label1\" content=\"Gesch\u00e4tzte Lesezeit\" \/>\n\t<meta name=\"twitter:data1\" content=\"3\u00a0Minuten\" \/>\n<script type=\"application\/ld+json\" class=\"yoast-schema-graph\">{\"@context\":\"https:\/\/schema.org\",\"@graph\":[{\"@type\":\"WebPage\",\"@id\":\"https:\/\/brewbusamsterdam.com\/nl\/de-meest-gestelde-vragen\/\",\"url\":\"https:\/\/brewbusamsterdam.com\/nl\/de-meest-gestelde-vragen\/\",\"name\":\"De meest gestelde vragen - BREW BUS\",\"isPartOf\":{\"@id\":\"https:\/\/brewbusamsterdam.com\/#website\"},\"primaryImageOfPage\":{\"@id\":\"https:\/\/brewbusamsterdam.com\/nl\/de-meest-gestelde-vragen\/#primaryimage\"},\"image\":{\"@id\":\"https:\/\/brewbusamsterdam.com\/nl\/de-meest-gestelde-vragen\/#primaryimage\"},\"thumbnailUrl\":\"https:\/\/brewbusamsterdam.com\/wp-content\/uploads\/2025\/03\/Brew-Bus-afbeelding-.png\",\"datePublished\":\"2025-02-24T13:51:32+00:00\",\"dateModified\":\"2025-09-26T11:06:14+00:00\",\"description\":\"De meest gestelde vragen. Wij hebben de antwoorden op bijna alle vragen, staat je vraag er toch niet tussen? Stuur even een berichtje\",\"breadcrumb\":{\"@id\":\"https:\/\/brewbusamsterdam.com\/nl\/de-meest-gestelde-vragen\/#breadcrumb\"},\"inLanguage\":\"de\",\"potentialAction\":[{\"@type\":\"ReadAction\",\"target\":[\"https:\/\/brewbusamsterdam.com\/nl\/de-meest-gestelde-vragen\/\"]}]},{\"@type\":\"ImageObject\",\"inLanguage\":\"de\",\"@id\":\"https:\/\/brewbusamsterdam.com\/nl\/de-meest-gestelde-vragen\/#primaryimage\",\"url\":\"https:\/\/brewbusamsterdam.com\/wp-content\/uploads\/2025\/03\/Brew-Bus-afbeelding-.png\",\"contentUrl\":\"https:\/\/brewbusamsterdam.com\/wp-content\/uploads\/2025\/03\/Brew-Bus-afbeelding-.png\",\"width\":2216,\"height\":1236,\"caption\":\"de meest gestelde vragen\"},{\"@type\":\"BreadcrumbList\",\"@id\":\"https:\/\/brewbusamsterdam.com\/nl\/de-meest-gestelde-vragen\/#breadcrumb\",\"itemListElement\":[{\"@type\":\"ListItem\",\"position\":1,\"name\":\"Home\",\"item\":\"https:\/\/brewbusamsterdam.com\/\"},{\"@type\":\"ListItem\",\"position\":2,\"name\":\"De meest gestelde vragen\"}]},{\"@type\":\"WebSite\",\"@id\":\"https:\/\/brewbusamsterdam.com\/#website\",\"url\":\"https:\/\/brewbusamsterdam.com\/\",\"name\":\"BREW BUS\",\"description\":\"Raise a glass to the good times\",\"publisher\":{\"@id\":\"https:\/\/brewbusamsterdam.com\/#organization\"},\"potentialAction\":[{\"@type\":\"SearchAction\",\"target\":{\"@type\":\"EntryPoint\",\"urlTemplate\":\"https:\/\/brewbusamsterdam.com\/?s={search_term_string}\"},\"query-input\":{\"@type\":\"PropertyValueSpecification\",\"valueRequired\":true,\"valueName\":\"search_term_string\"}}],\"inLanguage\":\"de\"},{\"@type\":\"Organization\",\"@id\":\"https:\/\/brewbusamsterdam.com\/#organization\",\"name\":\"BREW BUS\",\"url\":\"https:\/\/brewbusamsterdam.com\/\",\"logo\":{\"@type\":\"ImageObject\",\"inLanguage\":\"de\",\"@id\":\"https:\/\/brewbusamsterdam.com\/#\/schema\/logo\/image\/\",\"url\":\"https:\/\/brewbusamsterdam.com\/wp-content\/uploads\/2023\/02\/cropped-cropped-LOGO_BREWBUS_22_K__febd0d.png\",\"contentUrl\":\"https:\/\/brewbusamsterdam.com\/wp-content\/uploads\/2023\/02\/cropped-cropped-LOGO_BREWBUS_22_K__febd0d.png\",\"width\":512,\"height\":512,\"caption\":\"BREW BUS\"},\"image\":{\"@id\":\"https:\/\/brewbusamsterdam.com\/#\/schema\/logo\/image\/\"}}]}<\/script>\n<!-- \/ Yoast SEO plugin. -->","yoast_head_json":{"title":"H\u00e4ufig gestellte fragen","description":"H\u00e4ufig gestellte Fragen. Wir haben die Antworten auf fast alle Ihre Fragen. Ist Ihre Frage nicht dabei? Senden Sie uns eine Nachricht.","robots":{"index":"index","follow":"follow","max-snippet":"max-snippet:-1","max-image-preview":"max-image-preview:large","max-video-preview":"max-video-preview:-1"},"canonical":"https:\/\/brewbusamsterdam.com\/de\/haufig-gestellte-fragen\/","og_locale":"de_DE","og_type":"article","og_title":"De meest gestelde vragen - BREW BUS","og_description":"De meest gestelde vragen. Wij hebben de antwoorden op bijna alle vragen, staat je vraag er toch niet tussen? Stuur even een berichtje","og_url":"https:\/\/brewbusamsterdam.com\/de\/haufig-gestellte-fragen\/","og_site_name":"BREW BUS","article_modified_time":"2025-09-26T11:06:14+00:00","og_image":[{"width":1024,"height":571,"url":"https:\/\/brewbusamsterdam.com\/wp-content\/uploads\/2025\/03\/Brew-Bus-afbeelding--1024x571.png","type":"image\/png"}],"twitter_card":"summary_large_image","twitter_misc":{"Gesch\u00e4tzte Lesezeit":"3\u00a0Minuten"},"schema":{"@context":"https:\/\/schema.org","@graph":[{"@type":"WebPage","@id":"https:\/\/brewbusamsterdam.com\/nl\/de-meest-gestelde-vragen\/","url":"https:\/\/brewbusamsterdam.com\/nl\/de-meest-gestelde-vragen\/","name":"H\u00e4ufig gestellte fragen","isPartOf":{"@id":"https:\/\/brewbusamsterdam.com\/#website"},"primaryImageOfPage":{"@id":"https:\/\/brewbusamsterdam.com\/nl\/de-meest-gestelde-vragen\/#primaryimage"},"image":{"@id":"https:\/\/brewbusamsterdam.com\/nl\/de-meest-gestelde-vragen\/#primaryimage"},"thumbnailUrl":"https:\/\/brewbusamsterdam.com\/wp-content\/uploads\/2025\/03\/Brew-Bus-afbeelding-.png","datePublished":"2025-02-24T13:51:32+00:00","dateModified":"2025-09-26T11:06:14+00:00","description":"H\u00e4ufig gestellte Fragen. Wir haben die Antworten auf fast alle Ihre Fragen. Ist Ihre Frage nicht dabei? Senden Sie uns eine Nachricht.","breadcrumb":{"@id":"https:\/\/brewbusamsterdam.com\/nl\/de-meest-gestelde-vragen\/#breadcrumb"},"inLanguage":"de","potentialAction":[{"@type":"ReadAction","target":["https:\/\/brewbusamsterdam.com\/nl\/de-meest-gestelde-vragen\/"]}]},{"@type":"ImageObject","inLanguage":"de","@id":"https:\/\/brewbusamsterdam.com\/nl\/de-meest-gestelde-vragen\/#primaryimage","url":"https:\/\/brewbusamsterdam.com\/wp-content\/uploads\/2025\/03\/Brew-Bus-afbeelding-.png","contentUrl":"https:\/\/brewbusamsterdam.com\/wp-content\/uploads\/2025\/03\/Brew-Bus-afbeelding-.png","width":2216,"height":1236,"caption":"de meest gestelde vragen"},{"@type":"BreadcrumbList","@id":"https:\/\/brewbusamsterdam.com\/nl\/de-meest-gestelde-vragen\/#breadcrumb","itemListElement":[{"@type":"ListItem","position":1,"name":"Home","item":"https:\/\/brewbusamsterdam.com\/"},{"@type":"ListItem","position":2,"name":"De meest gestelde vragen"}]},{"@type":"WebSite","@id":"https:\/\/brewbusamsterdam.com\/#website","url":"https:\/\/brewbusamsterdam.com\/","name":"Brew Bus Amsterdam","description":"Raise a glass to the good times","publisher":{"@id":"https:\/\/brewbusamsterdam.com\/#organization"},"potentialAction":[{"@type":"SearchAction","target":{"@type":"EntryPoint","urlTemplate":"https:\/\/brewbusamsterdam.com\/?s={search_term_string}"},"query-input":{"@type":"PropertyValueSpecification","valueRequired":true,"valueName":"search_term_string"}}],"inLanguage":"de"},{"@type":"Organization","@id":"https:\/\/brewbusamsterdam.com\/#organization","name":"Brew Bus Amsterdam","url":"https:\/\/brewbusamsterdam.com\/","logo":{"@type":"ImageObject","inLanguage":"de","@id":"https:\/\/brewbusamsterdam.com\/#\/schema\/logo\/image\/","url":"https:\/\/brewbusamsterdam.com\/wp-content\/uploads\/2023\/02\/cropped-cropped-LOGO_BREWBUS_22_K__febd0d.png","contentUrl":"https:\/\/brewbusamsterdam.com\/wp-content\/uploads\/2023\/02\/cropped-cropped-LOGO_BREWBUS_22_K__febd0d.png","width":512,"height":512,"caption":"BREW BUS"},"image":{"@id":"https:\/\/brewbusamsterdam.com\/#\/schema\/logo\/image\/"}}]}},"_links":{"self":[{"href":"https:\/\/brewbusamsterdam.com\/de\/wp-json\/wp\/v2\/pages\/1500","targetHints":{"allow":["GET"]}}],"collection":[{"href":"https:\/\/brewbusamsterdam.com\/de\/wp-json\/wp\/v2\/pages"}],"about":[{"href":"https:\/\/brewbusamsterdam.com\/de\/wp-json\/wp\/v2\/types\/page"}],"author":[{"embeddable":true,"href":"https:\/\/brewbusamsterdam.com\/de\/wp-json\/wp\/v2\/users\/2"}],"replies":[{"embeddable":true,"href":"https:\/\/brewbusamsterdam.com\/de\/wp-json\/wp\/v2\/comments?post=1500"}],"version-history":[{"count":0,"href":"https:\/\/brewbusamsterdam.com\/de\/wp-json\/wp\/v2\/pages\/1500\/revisions"}],"wp:featuredmedia":[{"embeddable":true,"href":"https:\/\/brewbusamsterdam.com\/de\/wp-json\/wp\/v2\/media\/1534"}],"wp:attachment":[{"href":"https:\/\/brewbusamsterdam.com\/de\/wp-json\/wp\/v2\/media?parent=1500"}],"curies":[{"name":"wp","href":"https:\/\/api.w.org\/{rel}","templated":true}]}}