{"id":1432,"date":"2025-02-24T11:37:35","date_gmt":"2025-02-24T11:37:35","guid":{"rendered":"https:\/\/brewbusamsterdam.com\/?page_id=1432"},"modified":"2025-09-26T11:03:52","modified_gmt":"2025-09-26T11:03:52","slug":"uber-uns","status":"publish","type":"page","link":"https:\/\/brewbusamsterdam.com\/de\/uber-uns\/","title":{"rendered":"\u00dcBER UNS"},"content":{"rendered":"<div data-elementor-type=\"wp-page\" data-elementor-id=\"1432\" class=\"elementor elementor-1432\" data-elementor-post-type=\"page\">\n\t\t\t\t\t\t<section class=\"elementor-section elementor-top-section elementor-element elementor-element-42476ea9 elementor-section-boxed elementor-section-height-default elementor-section-height-default\" data-id=\"42476ea9\" data-element_type=\"section\">\n\t\t\t\t\t\t<div class=\"elementor-container elementor-column-gap-default\">\n\t\t\t\t\t<div class=\"elementor-column elementor-col-100 elementor-top-column elementor-element elementor-element-34d04a49\" data-id=\"34d04a49\" data-element_type=\"column\">\n\t\t\t<div class=\"elementor-widget-wrap elementor-element-populated\">\n\t\t\t\t\t\t<section class=\"elementor-section elementor-inner-section elementor-element elementor-element-33ef324 elementor-section-boxed elementor-section-height-default elementor-section-height-default\" data-id=\"33ef324\" data-element_type=\"section\">\n\t\t\t\t\t\t<div class=\"elementor-container elementor-column-gap-default\">\n\t\t\t\t\t<div class=\"elementor-column elementor-col-50 elementor-inner-column elementor-element elementor-element-a5ffa9e\" data-id=\"a5ffa9e\" data-element_type=\"column\">\n\t\t\t<div class=\"elementor-widget-wrap elementor-element-populated\">\n\t\t\t\t\t\t<div class=\"elementor-element elementor-element-0aecdb5 elementor-widget elementor-widget-text-editor\" data-id=\"0aecdb5\" data-element_type=\"widget\" data-widget_type=\"text-editor.default\">\n\t\t\t\t<div class=\"elementor-widget-container\">\n\t\t\t\t\t\t\t\t\t<p>Ein bischen \u00fcber uns, Brew Bus Amsterdam. Es klang wie ein Klischee, aber das ist es, wir begannen mit der Leidenschaft f\u00fcr Bier.<\/p><h2>der Biertyp<\/h2><p><a href=\"https:\/\/www.linkedin.com\/in\/walther-bakker-92a84719\">Walther Bakker<\/a>, unser Gr\u00fcnder, Fahrer, Reiseleiter, Handwerker, Reservierungs- und Betriebsmitarbeiter hat im Unternehmen viele verschiedene Aufgaben :).<\/p><p>Er war schon immer im Tourismus t\u00e4tig und widmete sich an den Wochenenden haupts\u00e4chlich seinem Hobby: dem Biertrinken!<\/p>\t\t\t\t\t\t\t\t<\/div>\n\t\t\t\t<\/div>\n\t\t\t\t\t<\/div>\n\t\t<\/div>\n\t\t\t\t<div class=\"elementor-column elementor-col-50 elementor-inner-column elementor-element elementor-element-3900e72\" data-id=\"3900e72\" data-element_type=\"column\">\n\t\t\t<div class=\"elementor-widget-wrap elementor-element-populated\">\n\t\t\t\t\t\t<div class=\"elementor-element elementor-element-48a50b2 elementor-widget elementor-widget-image\" data-id=\"48a50b2\" data-element_type=\"widget\" data-widget_type=\"image.default\">\n\t\t\t\t<div class=\"elementor-widget-container\">\n\t\t\t\t\t\t\t\t\t\t\t\t\t\t\t<img fetchpriority=\"high\" decoding=\"async\" width=\"800\" height=\"452\" src=\"https:\/\/brewbusamsterdam.com\/wp-content\/uploads\/2025\/02\/Schermafbeelding-2025-02-24-om-11.59.59-1024x578.png\" class=\"attachment-large size-large wp-image-1433\" alt=\"Was kann man in Amsterdam unternehmen?\" srcset=\"https:\/\/brewbusamsterdam.com\/wp-content\/uploads\/2025\/02\/Schermafbeelding-2025-02-24-om-11.59.59-1024x578.png 1024w, https:\/\/brewbusamsterdam.com\/wp-content\/uploads\/2025\/02\/Schermafbeelding-2025-02-24-om-11.59.59-300x169.png 300w, https:\/\/brewbusamsterdam.com\/wp-content\/uploads\/2025\/02\/Schermafbeelding-2025-02-24-om-11.59.59-768x434.png 768w, https:\/\/brewbusamsterdam.com\/wp-content\/uploads\/2025\/02\/Schermafbeelding-2025-02-24-om-11.59.59-1536x867.png 1536w, https:\/\/brewbusamsterdam.com\/wp-content\/uploads\/2025\/02\/Schermafbeelding-2025-02-24-om-11.59.59-18x10.png 18w, https:\/\/brewbusamsterdam.com\/wp-content\/uploads\/2025\/02\/Schermafbeelding-2025-02-24-om-11.59.59.png 1760w\" sizes=\"(max-width: 800px) 100vw, 800px\" \/>\t\t\t\t\t\t\t\t\t\t\t\t\t\t\t<\/div>\n\t\t\t\t<\/div>\n\t\t\t\t\t<\/div>\n\t\t<\/div>\n\t\t\t\t\t<\/div>\n\t\t<\/section>\n\t\t\t\t<div class=\"elementor-element elementor-element-515c4813 elementor-widget elementor-widget-text-editor\" data-id=\"515c4813\" data-element_type=\"widget\" data-widget_type=\"text-editor.default\">\n\t\t\t\t<div class=\"elementor-widget-container\">\n\t\t\t\t\t\t\t\t\t<p>\u00a0<\/p><h2>Die Idee<\/h2><p>Im Jahr 2016 machte er Urlaub in Amerika und unternahm dort eine Weintour, bei der ein Bus an verschiedenen Weing\u00fctern vorbeifuhr und man dort eine Weinprobe genie\u00dfen konnte. Am Ende des Nachmittags war es dann nat\u00fcrlich noch einmal richtig gem\u00fctlich im Bus und alle waren zu besten Freunden geworden.<\/p><p>Da die Verbindung zum Tourismus und die Leidenschaft f\u00fcr Bier bereits vorhanden waren, kam die Idee auf, dieses Konzept in Amsterdam zu starten, allerdings mit Bier statt Wein. Es hat eine Weile gedauert, bis es dazu kam, aber im Februar 2020 war es endlich soweit und <a href=\"https:\/\/brewbusamsterdam.com\/de\/\">Brew Bus Amsterdam?<\/a> wurde geboren<\/p><p>Eine Brauereif\u00fchrung entlang dreier verschiedener Brauereien im stylischen Bus, bei jeder Brauerei gibt es eine Bierverkostung und bei der zweiten Brauerei zus\u00e4tzlich eine kleine Brauereif\u00fchrung! Ein Riesenspa\u00df f\u00fcr Bierliebhaber, Teamausfl\u00fcge, Junggesellenabschiede und vieles mehr!<\/p><h2>eine kurze Pause :(<\/h2><p>Die Covid-Zeit begann unmittelbar im M\u00e4rz 2020, sodass der Bus nach einem Monat f\u00fcr eine Pause von 2,5 Jahren sofort wieder in die Werkstatt zur\u00fcckkehren konnte. Aber in der Zwischenzeit wurde hinter den Kulissen hart am Produkt gearbeitet und alles war bereit, als die Niederlande wieder \u00f6ffneten!<\/p><h2>Und noch etwas zu uns: Wir sind wieder dabei!<\/h2><p>Jetzt wurde auch eine Bierverkostung als einst\u00fcndige Aktivit\u00e4t in Amsterdam hinzugef\u00fcgt. Wir bieten Bierverkostungen vor Ort an. Wir haben auch angefangen, Bier zu brauen, wie cool ist das denn?<\/p><h2>Jetzt aber genug \u00fcber uns!\u00a0<\/h2><p>Du hast Interesse, selbst Bierguide zu werden, ein Anliegen oder eine sch\u00f6ne Idee? Kontaktieren Sie uns gerne \u00fcber den WhatsApp-Button unten rechts. Sie k\u00f6nnen uns auch eine E-Mail senden an <a href=\"mailto:hello@brewbusamsterdam.com\">hello@brewbusamsterdam.com<\/a>. Oder durch Ausf\u00fcllen des <a href=\"https:\/\/brewbusamsterdam.com\/de\/contact\/\">Kontaktformular\u00a0<\/a><\/p><p>Tot snel!<\/p>\t\t\t\t\t\t\t\t<\/div>\n\t\t\t\t<\/div>\n\t\t\t\t\t<\/div>\n\t\t<\/div>\n\t\t\t\t\t<\/div>\n\t\t<\/section>\n\t\t\t\t<\/div>","protected":false},"excerpt":{"rendered":"<p>Even een verhaaltje over ons, wij zijn Brew Bus Amsterdam. Het klinkt misschien een beetje clich\u00e9, maar het is wel waar, we zijn begonnen vanuit de passie voor bier. De bierman! Walther Bakker, onze oprichter, chauffeur, gids, klusjesman, reserverings- en operationele medewerker heeft veel petten op in het bedrijf :). Hij was altijd al werkzaam [&hellip;]<\/p>","protected":false},"author":2,"featured_media":1433,"parent":0,"menu_order":0,"comment_status":"closed","ping_status":"closed","template":"","meta":{"footnotes":""},"class_list":["post-1432","page","type-page","status-publish","has-post-thumbnail","hentry"],"yoast_head":"<!-- This site is optimized with the Yoast SEO plugin v25.6 - https:\/\/yoast.com\/wordpress\/plugins\/seo\/ -->\n<title>OVER ONS - BREW BUS<\/title>\n<meta name=\"description\" content=\"Over ons, wij zijn Brew Bus Amsterdam. Het klinkt misschien een clich\u00e9, maar het is wel waar, we zijn begonnen vanuit de passie voor bier :)\" \/>\n<meta name=\"robots\" content=\"index, follow, max-snippet:-1, max-image-preview:large, max-video-preview:-1\" \/>\n<link rel=\"canonical\" href=\"https:\/\/brewbusamsterdam.com\/de\/uber-uns\/\" \/>\n<meta property=\"og:locale\" content=\"de_DE\" \/>\n<meta property=\"og:type\" content=\"article\" \/>\n<meta property=\"og:title\" content=\"OVER ONS - BREW BUS\" \/>\n<meta property=\"og:description\" content=\"Over ons, wij zijn Brew Bus Amsterdam. Het klinkt misschien een clich\u00e9, maar het is wel waar, we zijn begonnen vanuit de passie voor bier :)\" \/>\n<meta property=\"og:url\" content=\"https:\/\/brewbusamsterdam.com\/de\/uber-uns\/\" \/>\n<meta property=\"og:site_name\" content=\"BREW BUS\" \/>\n<meta property=\"article:modified_time\" content=\"2025-09-26T11:03:52+00:00\" \/>\n<meta property=\"og:image\" content=\"https:\/\/brewbusamsterdam.com\/wp-content\/uploads\/2025\/02\/Schermafbeelding-2025-02-24-om-11.59.59-1024x578.png\" \/>\n\t<meta property=\"og:image:width\" content=\"1024\" \/>\n\t<meta property=\"og:image:height\" content=\"578\" \/>\n\t<meta property=\"og:image:type\" content=\"image\/png\" \/>\n<meta name=\"twitter:card\" content=\"summary_large_image\" \/>\n<meta name=\"twitter:label1\" content=\"Gesch\u00e4tzte Lesezeit\" \/>\n\t<meta name=\"twitter:data1\" content=\"3\u00a0Minuten\" \/>\n<script type=\"application\/ld+json\" class=\"yoast-schema-graph\">{\"@context\":\"https:\/\/schema.org\",\"@graph\":[{\"@type\":\"WebPage\",\"@id\":\"https:\/\/brewbusamsterdam.com\/nl\/over-ons\/\",\"url\":\"https:\/\/brewbusamsterdam.com\/nl\/over-ons\/\",\"name\":\"OVER ONS - BREW BUS\",\"isPartOf\":{\"@id\":\"https:\/\/brewbusamsterdam.com\/#website\"},\"primaryImageOfPage\":{\"@id\":\"https:\/\/brewbusamsterdam.com\/nl\/over-ons\/#primaryimage\"},\"image\":{\"@id\":\"https:\/\/brewbusamsterdam.com\/nl\/over-ons\/#primaryimage\"},\"thumbnailUrl\":\"https:\/\/brewbusamsterdam.com\/wp-content\/uploads\/2025\/02\/Schermafbeelding-2025-02-24-om-11.59.59.png\",\"datePublished\":\"2025-02-24T11:37:35+00:00\",\"dateModified\":\"2025-09-26T11:03:52+00:00\",\"description\":\"Over ons, wij zijn Brew Bus Amsterdam. Het klinkt misschien een clich\u00e9, maar het is wel waar, we zijn begonnen vanuit de passie voor bier :)\",\"breadcrumb\":{\"@id\":\"https:\/\/brewbusamsterdam.com\/nl\/over-ons\/#breadcrumb\"},\"inLanguage\":\"de\",\"potentialAction\":[{\"@type\":\"ReadAction\",\"target\":[\"https:\/\/brewbusamsterdam.com\/nl\/over-ons\/\"]}]},{\"@type\":\"ImageObject\",\"inLanguage\":\"de\",\"@id\":\"https:\/\/brewbusamsterdam.com\/nl\/over-ons\/#primaryimage\",\"url\":\"https:\/\/brewbusamsterdam.com\/wp-content\/uploads\/2025\/02\/Schermafbeelding-2025-02-24-om-11.59.59.png\",\"contentUrl\":\"https:\/\/brewbusamsterdam.com\/wp-content\/uploads\/2025\/02\/Schermafbeelding-2025-02-24-om-11.59.59.png\",\"width\":1760,\"height\":994,\"caption\":\"over ons\"},{\"@type\":\"BreadcrumbList\",\"@id\":\"https:\/\/brewbusamsterdam.com\/nl\/over-ons\/#breadcrumb\",\"itemListElement\":[{\"@type\":\"ListItem\",\"position\":1,\"name\":\"Home\",\"item\":\"https:\/\/brewbusamsterdam.com\/\"},{\"@type\":\"ListItem\",\"position\":2,\"name\":\"OVER ONS\"}]},{\"@type\":\"WebSite\",\"@id\":\"https:\/\/brewbusamsterdam.com\/#website\",\"url\":\"https:\/\/brewbusamsterdam.com\/\",\"name\":\"BREW BUS\",\"description\":\"Raise a glass to the good times\",\"publisher\":{\"@id\":\"https:\/\/brewbusamsterdam.com\/#organization\"},\"potentialAction\":[{\"@type\":\"SearchAction\",\"target\":{\"@type\":\"EntryPoint\",\"urlTemplate\":\"https:\/\/brewbusamsterdam.com\/?s={search_term_string}\"},\"query-input\":{\"@type\":\"PropertyValueSpecification\",\"valueRequired\":true,\"valueName\":\"search_term_string\"}}],\"inLanguage\":\"de\"},{\"@type\":\"Organization\",\"@id\":\"https:\/\/brewbusamsterdam.com\/#organization\",\"name\":\"BREW BUS\",\"url\":\"https:\/\/brewbusamsterdam.com\/\",\"logo\":{\"@type\":\"ImageObject\",\"inLanguage\":\"de\",\"@id\":\"https:\/\/brewbusamsterdam.com\/#\/schema\/logo\/image\/\",\"url\":\"https:\/\/brewbusamsterdam.com\/wp-content\/uploads\/2023\/02\/cropped-cropped-LOGO_BREWBUS_22_K__febd0d.png\",\"contentUrl\":\"https:\/\/brewbusamsterdam.com\/wp-content\/uploads\/2023\/02\/cropped-cropped-LOGO_BREWBUS_22_K__febd0d.png\",\"width\":512,\"height\":512,\"caption\":\"BREW BUS\"},\"image\":{\"@id\":\"https:\/\/brewbusamsterdam.com\/#\/schema\/logo\/image\/\"}}]}<\/script>\n<!-- \/ Yoast SEO plugin. -->","yoast_head_json":{"title":"\u00dcber uns - Brew Bus Amsterdam","description":"Ein bischen \u00fcber uns, Brew Bus Amsterdam. Es klang wie ein Klischee, aber das ist es, wir begannen mit der Leidenschaft f\u00fcr Bier.","robots":{"index":"index","follow":"follow","max-snippet":"max-snippet:-1","max-image-preview":"max-image-preview:large","max-video-preview":"max-video-preview:-1"},"canonical":"https:\/\/brewbusamsterdam.com\/de\/uber-uns\/","og_locale":"de_DE","og_type":"article","og_title":"OVER ONS - BREW BUS","og_description":"Over ons, wij zijn Brew Bus Amsterdam. Het klinkt misschien een clich\u00e9, maar het is wel waar, we zijn begonnen vanuit de passie voor bier :)","og_url":"https:\/\/brewbusamsterdam.com\/de\/uber-uns\/","og_site_name":"BREW BUS","article_modified_time":"2025-09-26T11:03:52+00:00","og_image":[{"width":1024,"height":578,"url":"https:\/\/brewbusamsterdam.com\/wp-content\/uploads\/2025\/02\/Schermafbeelding-2025-02-24-om-11.59.59-1024x578.png","type":"image\/png"}],"twitter_card":"summary_large_image","twitter_misc":{"Gesch\u00e4tzte Lesezeit":"3\u00a0Minuten"},"schema":{"@context":"https:\/\/schema.org","@graph":[{"@type":"WebPage","@id":"https:\/\/brewbusamsterdam.com\/nl\/over-ons\/","url":"https:\/\/brewbusamsterdam.com\/nl\/over-ons\/","name":"\u00dcber uns - Brew Bus Amsterdam","isPartOf":{"@id":"https:\/\/brewbusamsterdam.com\/#website"},"primaryImageOfPage":{"@id":"https:\/\/brewbusamsterdam.com\/nl\/over-ons\/#primaryimage"},"image":{"@id":"https:\/\/brewbusamsterdam.com\/nl\/over-ons\/#primaryimage"},"thumbnailUrl":"https:\/\/brewbusamsterdam.com\/wp-content\/uploads\/2025\/02\/Schermafbeelding-2025-02-24-om-11.59.59.png","datePublished":"2025-02-24T11:37:35+00:00","dateModified":"2025-09-26T11:03:52+00:00","description":"Ein bischen \u00fcber uns, Brew Bus Amsterdam. Es klang wie ein Klischee, aber das ist es, wir begannen mit der Leidenschaft f\u00fcr Bier.","breadcrumb":{"@id":"https:\/\/brewbusamsterdam.com\/nl\/over-ons\/#breadcrumb"},"inLanguage":"de","potentialAction":[{"@type":"ReadAction","target":["https:\/\/brewbusamsterdam.com\/nl\/over-ons\/"]}]},{"@type":"ImageObject","inLanguage":"de","@id":"https:\/\/brewbusamsterdam.com\/nl\/over-ons\/#primaryimage","url":"https:\/\/brewbusamsterdam.com\/wp-content\/uploads\/2025\/02\/Schermafbeelding-2025-02-24-om-11.59.59.png","contentUrl":"https:\/\/brewbusamsterdam.com\/wp-content\/uploads\/2025\/02\/Schermafbeelding-2025-02-24-om-11.59.59.png","width":1760,"height":994,"caption":"over ons"},{"@type":"BreadcrumbList","@id":"https:\/\/brewbusamsterdam.com\/nl\/over-ons\/#breadcrumb","itemListElement":[{"@type":"ListItem","position":1,"name":"Home","item":"https:\/\/brewbusamsterdam.com\/"},{"@type":"ListItem","position":2,"name":"OVER ONS"}]},{"@type":"WebSite","@id":"https:\/\/brewbusamsterdam.com\/#website","url":"https:\/\/brewbusamsterdam.com\/","name":"Brew Bus Amsterdam","description":"Raise a glass to the good times","publisher":{"@id":"https:\/\/brewbusamsterdam.com\/#organization"},"potentialAction":[{"@type":"SearchAction","target":{"@type":"EntryPoint","urlTemplate":"https:\/\/brewbusamsterdam.com\/?s={search_term_string}"},"query-input":{"@type":"PropertyValueSpecification","valueRequired":true,"valueName":"search_term_string"}}],"inLanguage":"de"},{"@type":"Organization","@id":"https:\/\/brewbusamsterdam.com\/#organization","name":"Brew Bus Amsterdam","url":"https:\/\/brewbusamsterdam.com\/","logo":{"@type":"ImageObject","inLanguage":"de","@id":"https:\/\/brewbusamsterdam.com\/#\/schema\/logo\/image\/","url":"https:\/\/brewbusamsterdam.com\/wp-content\/uploads\/2023\/02\/cropped-cropped-LOGO_BREWBUS_22_K__febd0d.png","contentUrl":"https:\/\/brewbusamsterdam.com\/wp-content\/uploads\/2023\/02\/cropped-cropped-LOGO_BREWBUS_22_K__febd0d.png","width":512,"height":512,"caption":"BREW BUS"},"image":{"@id":"https:\/\/brewbusamsterdam.com\/#\/schema\/logo\/image\/"}}]}},"_links":{"self":[{"href":"https:\/\/brewbusamsterdam.com\/de\/wp-json\/wp\/v2\/pages\/1432","targetHints":{"allow":["GET"]}}],"collection":[{"href":"https:\/\/brewbusamsterdam.com\/de\/wp-json\/wp\/v2\/pages"}],"about":[{"href":"https:\/\/brewbusamsterdam.com\/de\/wp-json\/wp\/v2\/types\/page"}],"author":[{"embeddable":true,"href":"https:\/\/brewbusamsterdam.com\/de\/wp-json\/wp\/v2\/users\/2"}],"replies":[{"embeddable":true,"href":"https:\/\/brewbusamsterdam.com\/de\/wp-json\/wp\/v2\/comments?post=1432"}],"version-history":[{"count":0,"href":"https:\/\/brewbusamsterdam.com\/de\/wp-json\/wp\/v2\/pages\/1432\/revisions"}],"wp:featuredmedia":[{"embeddable":true,"href":"https:\/\/brewbusamsterdam.com\/de\/wp-json\/wp\/v2\/media\/1433"}],"wp:attachment":[{"href":"https:\/\/brewbusamsterdam.com\/de\/wp-json\/wp\/v2\/media?parent=1432"}],"curies":[{"name":"wp","href":"https:\/\/api.w.org\/{rel}","templated":true}]}}