{"id":1118,"date":"2024-03-06T09:02:49","date_gmt":"2024-03-06T09:02:49","guid":{"rendered":"https:\/\/brewbusamsterdam.com\/sitemap-copy\/"},"modified":"2025-09-17T08:45:51","modified_gmt":"2025-09-17T08:45:51","slug":"tickets","status":"publish","type":"page","link":"https:\/\/brewbusamsterdam.com\/de\/tickets\/","title":{"rendered":"Boek je kaarten!"},"content":{"rendered":"<div data-elementor-type=\"wp-page\" data-elementor-id=\"1118\" class=\"elementor elementor-1118\" data-elementor-post-type=\"page\">\n\t\t\t\t\t\t<section class=\"elementor-section elementor-top-section elementor-element elementor-element-00438f5 elementor-section-height-min-height elementor-section-boxed elementor-section-height-default elementor-section-items-middle\" data-id=\"00438f5\" data-element_type=\"section\" data-settings=\"{&quot;background_background&quot;:&quot;classic&quot;}\">\n\t\t\t\t\t\t\t<div class=\"elementor-background-overlay\"><\/div>\n\t\t\t\t\t\t\t<div class=\"elementor-container elementor-column-gap-default\">\n\t\t\t\t\t<div class=\"elementor-column elementor-col-100 elementor-top-column elementor-element elementor-element-cc377d1\" data-id=\"cc377d1\" data-element_type=\"column\" data-settings=\"{&quot;background_background&quot;:&quot;classic&quot;}\">\n\t\t\t<div class=\"elementor-widget-wrap elementor-element-populated\">\n\t\t\t\t\t\t<div class=\"elementor-element elementor-element-c5a4861 elementor-widget elementor-widget-heading\" data-id=\"c5a4861\" data-element_type=\"widget\" data-widget_type=\"heading.default\">\n\t\t\t\t<div class=\"elementor-widget-container\">\n\t\t\t\t\t<h1 class=\"elementor-heading-title elementor-size-default\">Boek je kaarten!<\/h1>\t\t\t\t<\/div>\n\t\t\t\t<\/div>\n\t\t\t\t<div class=\"elementor-element elementor-element-efec7dc elementor-widget elementor-widget-heading\" data-id=\"efec7dc\" data-element_type=\"widget\" data-widget_type=\"heading.default\">\n\t\t\t\t<div class=\"elementor-widget-container\">\n\t\t\t\t\t<h2 class=\"elementor-heading-title elementor-size-large\">Ihre Lieblingsbierbesch\u00e4ftigung r\u00fcckt jetzt immer n\u00e4her<\/h2>\t\t\t\t<\/div>\n\t\t\t\t<\/div>\n\t\t\t\t\t<\/div>\n\t\t<\/div>\n\t\t\t\t\t<\/div>\n\t\t<\/section>\n\t\t\t\t<section class=\"elementor-section elementor-top-section elementor-element elementor-element-3672ca5 elementor-section-boxed elementor-section-height-default elementor-section-height-default\" data-id=\"3672ca5\" data-element_type=\"section\" data-settings=\"{&quot;background_background&quot;:&quot;classic&quot;}\">\n\t\t\t\t\t\t<div class=\"elementor-container elementor-column-gap-default\">\n\t\t\t\t\t<div class=\"elementor-column elementor-col-100 elementor-top-column elementor-element elementor-element-844af4d\" data-id=\"844af4d\" data-element_type=\"column\">\n\t\t\t<div class=\"elementor-widget-wrap elementor-element-populated\">\n\t\t\t\t\t\t<div class=\"elementor-element elementor-element-75649d8 elementor-widget elementor-widget-image\" data-id=\"75649d8\" data-element_type=\"widget\" data-widget_type=\"image.default\">\n\t\t\t\t<div class=\"elementor-widget-container\">\n\t\t\t\t\t\t\t\t\t\t\t\t\t\t\t\t<a href=\"https:\/\/tickets.brewbusamsterdam.com\/de\/tickets\">\n\t\t\t\t\t\t\t<img fetchpriority=\"high\" decoding=\"async\" width=\"2048\" height=\"1365\" src=\"https:\/\/brewbusamsterdam.com\/wp-content\/uploads\/2024\/03\/2-1.png\" class=\"attachment-full size-full wp-image-1168\" alt=\"\" srcset=\"https:\/\/brewbusamsterdam.com\/wp-content\/uploads\/2024\/03\/2-1.png 2048w, https:\/\/brewbusamsterdam.com\/wp-content\/uploads\/2024\/03\/2-1-300x200.png 300w, https:\/\/brewbusamsterdam.com\/wp-content\/uploads\/2024\/03\/2-1-1024x683.png 1024w, https:\/\/brewbusamsterdam.com\/wp-content\/uploads\/2024\/03\/2-1-768x512.png 768w, https:\/\/brewbusamsterdam.com\/wp-content\/uploads\/2024\/03\/2-1-1536x1024.png 1536w, https:\/\/brewbusamsterdam.com\/wp-content\/uploads\/2024\/03\/2-1-18x12.png 18w\" sizes=\"(max-width: 2048px) 100vw, 2048px\" \/>\t\t\t\t\t\t\t\t<\/a>\n\t\t\t\t\t\t\t\t\t\t\t\t\t\t\t<\/div>\n\t\t\t\t<\/div>\n\t\t\t\t<div class=\"elementor-element elementor-element-521253d elementor-widget elementor-widget-image\" data-id=\"521253d\" data-element_type=\"widget\" data-widget_type=\"image.default\">\n\t\t\t\t<div class=\"elementor-widget-container\">\n\t\t\t\t\t\t\t\t\t\t\t\t\t\t\t\t<a href=\"https:\/\/tickets.brewbusamsterdam.com\/de\/mbt\/tickets\">\n\t\t\t\t\t\t\t<img decoding=\"async\" width=\"2048\" height=\"1365\" src=\"https:\/\/brewbusamsterdam.com\/wp-content\/uploads\/2024\/03\/1.png\" class=\"attachment-full size-full wp-image-1151\" alt=\"\" srcset=\"https:\/\/brewbusamsterdam.com\/wp-content\/uploads\/2024\/03\/1.png 2048w, https:\/\/brewbusamsterdam.com\/wp-content\/uploads\/2024\/03\/1-300x200.png 300w, https:\/\/brewbusamsterdam.com\/wp-content\/uploads\/2024\/03\/1-1024x683.png 1024w, https:\/\/brewbusamsterdam.com\/wp-content\/uploads\/2024\/03\/1-768x512.png 768w, https:\/\/brewbusamsterdam.com\/wp-content\/uploads\/2024\/03\/1-1536x1024.png 1536w, https:\/\/brewbusamsterdam.com\/wp-content\/uploads\/2024\/03\/1-18x12.png 18w\" sizes=\"(max-width: 2048px) 100vw, 2048px\" \/>\t\t\t\t\t\t\t\t<\/a>\n\t\t\t\t\t\t\t\t\t\t\t\t\t\t\t<\/div>\n\t\t\t\t<\/div>\n\t\t\t\t<div class=\"elementor-element elementor-element-eb4cff7 elementor-widget elementor-widget-image\" data-id=\"eb4cff7\" data-element_type=\"widget\" data-widget_type=\"image.default\">\n\t\t\t\t<div class=\"elementor-widget-container\">\n\t\t\t\t\t\t\t\t\t\t\t\t\t\t\t\t<a href=\"https:\/\/brewbusamsterdam.com\/de\/contact\/\">\n\t\t\t\t\t\t\t<img decoding=\"async\" width=\"2048\" height=\"1365\" src=\"https:\/\/brewbusamsterdam.com\/wp-content\/uploads\/2024\/03\/3.png\" class=\"attachment-full size-full wp-image-1169\" alt=\"\" srcset=\"https:\/\/brewbusamsterdam.com\/wp-content\/uploads\/2024\/03\/3.png 2048w, https:\/\/brewbusamsterdam.com\/wp-content\/uploads\/2024\/03\/3-300x200.png 300w, https:\/\/brewbusamsterdam.com\/wp-content\/uploads\/2024\/03\/3-1024x683.png 1024w, https:\/\/brewbusamsterdam.com\/wp-content\/uploads\/2024\/03\/3-768x512.png 768w, https:\/\/brewbusamsterdam.com\/wp-content\/uploads\/2024\/03\/3-1536x1024.png 1536w, https:\/\/brewbusamsterdam.com\/wp-content\/uploads\/2024\/03\/3-18x12.png 18w\" sizes=\"(max-width: 2048px) 100vw, 2048px\" \/>\t\t\t\t\t\t\t\t<\/a>\n\t\t\t\t\t\t\t\t\t\t\t\t\t\t\t<\/div>\n\t\t\t\t<\/div>\n\t\t\t\t\t<\/div>\n\t\t<\/div>\n\t\t\t\t\t<\/div>\n\t\t<\/section>\n\t\t\t\t<\/div>","protected":false},"excerpt":{"rendered":"<p>Ihre Lieblingsbierbesch\u00e4ftigung r\u00fcckt jetzt immer n\u00e4her<\/p>","protected":false},"author":2,"featured_media":0,"parent":0,"menu_order":0,"comment_status":"closed","ping_status":"closed","template":"","meta":{"footnotes":""},"class_list":["post-1118","page","type-page","status-publish","hentry"],"yoast_head":"<!-- This site is optimized with the Yoast SEO plugin v25.6 - https:\/\/yoast.com\/wordpress\/plugins\/seo\/ -->\n<title>Boek je kaarten! - BREW BUS<\/title>\n<meta name=\"description\" content=\"Boek je tickets voor Brew Bus Amsterdam, de bierproeverij of een cadeaukaart hieronder, klik op een van de afbeeldingen voor tickets\" \/>\n<meta name=\"robots\" content=\"index, follow, max-snippet:-1, max-image-preview:large, max-video-preview:-1\" \/>\n<link rel=\"canonical\" href=\"https:\/\/brewbusamsterdam.com\/de\/tickets\/\" \/>\n<meta property=\"og:locale\" content=\"de_DE\" \/>\n<meta property=\"og:type\" content=\"article\" \/>\n<meta property=\"og:title\" content=\"Boek je kaarten! - BREW BUS\" \/>\n<meta property=\"og:description\" content=\"Boek je tickets voor Brew Bus Amsterdam, de bierproeverij of een cadeaukaart hieronder, klik op een van de afbeeldingen voor tickets\" \/>\n<meta property=\"og:url\" content=\"https:\/\/brewbusamsterdam.com\/de\/tickets\/\" \/>\n<meta property=\"og:site_name\" content=\"BREW BUS\" \/>\n<meta property=\"article:modified_time\" content=\"2025-09-17T08:45:51+00:00\" \/>\n<meta name=\"twitter:card\" content=\"summary_large_image\" \/>\n<meta name=\"twitter:label1\" content=\"Gesch\u00e4tzte Lesezeit\" \/>\n\t<meta name=\"twitter:data1\" content=\"1\u00a0Minute\" \/>\n<script type=\"application\/ld+json\" class=\"yoast-schema-graph\">{\"@context\":\"https:\/\/schema.org\",\"@graph\":[{\"@type\":\"WebPage\",\"@id\":\"https:\/\/brewbusamsterdam.com\/tickets\/\",\"url\":\"https:\/\/brewbusamsterdam.com\/tickets\/\",\"name\":\"Boek je kaarten! - BREW BUS\",\"isPartOf\":{\"@id\":\"https:\/\/brewbusamsterdam.com\/#website\"},\"datePublished\":\"2024-03-06T09:02:49+00:00\",\"dateModified\":\"2025-09-17T08:45:51+00:00\",\"description\":\"Boek je tickets voor Brew Bus Amsterdam, de bierproeverij of een cadeaukaart hieronder, klik op een van de afbeeldingen voor tickets\",\"breadcrumb\":{\"@id\":\"https:\/\/brewbusamsterdam.com\/tickets\/#breadcrumb\"},\"inLanguage\":\"de\",\"potentialAction\":[{\"@type\":\"ReadAction\",\"target\":[\"https:\/\/brewbusamsterdam.com\/tickets\/\"]}]},{\"@type\":\"BreadcrumbList\",\"@id\":\"https:\/\/brewbusamsterdam.com\/tickets\/#breadcrumb\",\"itemListElement\":[{\"@type\":\"ListItem\",\"position\":1,\"name\":\"Home\",\"item\":\"https:\/\/brewbusamsterdam.com\/\"},{\"@type\":\"ListItem\",\"position\":2,\"name\":\"Boek je kaarten!\"}]},{\"@type\":\"WebSite\",\"@id\":\"https:\/\/brewbusamsterdam.com\/#website\",\"url\":\"https:\/\/brewbusamsterdam.com\/\",\"name\":\"BREW BUS\",\"description\":\"Raise a glass to the good times\",\"publisher\":{\"@id\":\"https:\/\/brewbusamsterdam.com\/#organization\"},\"potentialAction\":[{\"@type\":\"SearchAction\",\"target\":{\"@type\":\"EntryPoint\",\"urlTemplate\":\"https:\/\/brewbusamsterdam.com\/?s={search_term_string}\"},\"query-input\":{\"@type\":\"PropertyValueSpecification\",\"valueRequired\":true,\"valueName\":\"search_term_string\"}}],\"inLanguage\":\"de\"},{\"@type\":\"Organization\",\"@id\":\"https:\/\/brewbusamsterdam.com\/#organization\",\"name\":\"BREW BUS\",\"url\":\"https:\/\/brewbusamsterdam.com\/\",\"logo\":{\"@type\":\"ImageObject\",\"inLanguage\":\"de\",\"@id\":\"https:\/\/brewbusamsterdam.com\/#\/schema\/logo\/image\/\",\"url\":\"https:\/\/brewbusamsterdam.com\/wp-content\/uploads\/2023\/02\/cropped-cropped-LOGO_BREWBUS_22_K__febd0d.png\",\"contentUrl\":\"https:\/\/brewbusamsterdam.com\/wp-content\/uploads\/2023\/02\/cropped-cropped-LOGO_BREWBUS_22_K__febd0d.png\",\"width\":512,\"height\":512,\"caption\":\"BREW BUS\"},\"image\":{\"@id\":\"https:\/\/brewbusamsterdam.com\/#\/schema\/logo\/image\/\"}}]}<\/script>\n<!-- \/ Yoast SEO plugin. -->","yoast_head_json":{"title":"Buchen Sie Ihre Tickets","description":"Buchen Sie Ihre Tickets f\u00fcr Brew Bus Amsterdam, die Bierverkostung oder eine Geschenkkarte unten, klicken Sie auf eines der Bilder f\u00fcr Tickets","robots":{"index":"index","follow":"follow","max-snippet":"max-snippet:-1","max-image-preview":"max-image-preview:large","max-video-preview":"max-video-preview:-1"},"canonical":"https:\/\/brewbusamsterdam.com\/de\/tickets\/","og_locale":"de_DE","og_type":"article","og_title":"Boek je kaarten! - BREW BUS","og_description":"Boek je tickets voor Brew Bus Amsterdam, de bierproeverij of een cadeaukaart hieronder, klik op een van de afbeeldingen voor tickets","og_url":"https:\/\/brewbusamsterdam.com\/de\/tickets\/","og_site_name":"BREW BUS","article_modified_time":"2025-09-17T08:45:51+00:00","twitter_card":"summary_large_image","twitter_misc":{"Gesch\u00e4tzte Lesezeit":"1\u00a0Minute"},"schema":{"@context":"https:\/\/schema.org","@graph":[{"@type":"WebPage","@id":"https:\/\/brewbusamsterdam.com\/tickets\/","url":"https:\/\/brewbusamsterdam.com\/tickets\/","name":"Buchen Sie Ihre Tickets","isPartOf":{"@id":"https:\/\/brewbusamsterdam.com\/#website"},"datePublished":"2024-03-06T09:02:49+00:00","dateModified":"2025-09-17T08:45:51+00:00","description":"Buchen Sie Ihre Tickets f\u00fcr Brew Bus Amsterdam, die Bierverkostung oder eine Geschenkkarte unten, klicken Sie auf eines der Bilder f\u00fcr Tickets","breadcrumb":{"@id":"https:\/\/brewbusamsterdam.com\/tickets\/#breadcrumb"},"inLanguage":"de","potentialAction":[{"@type":"ReadAction","target":["https:\/\/brewbusamsterdam.com\/tickets\/"]}]},{"@type":"BreadcrumbList","@id":"https:\/\/brewbusamsterdam.com\/tickets\/#breadcrumb","itemListElement":[{"@type":"ListItem","position":1,"name":"Home","item":"https:\/\/brewbusamsterdam.com\/"},{"@type":"ListItem","position":2,"name":"Boek je kaarten!"}]},{"@type":"WebSite","@id":"https:\/\/brewbusamsterdam.com\/#website","url":"https:\/\/brewbusamsterdam.com\/","name":"Brew Bus Amsterdam","description":"Raise a glass to the good times","publisher":{"@id":"https:\/\/brewbusamsterdam.com\/#organization"},"potentialAction":[{"@type":"SearchAction","target":{"@type":"EntryPoint","urlTemplate":"https:\/\/brewbusamsterdam.com\/?s={search_term_string}"},"query-input":{"@type":"PropertyValueSpecification","valueRequired":true,"valueName":"search_term_string"}}],"inLanguage":"de"},{"@type":"Organization","@id":"https:\/\/brewbusamsterdam.com\/#organization","name":"Brew Bus Amsterdam","url":"https:\/\/brewbusamsterdam.com\/","logo":{"@type":"ImageObject","inLanguage":"de","@id":"https:\/\/brewbusamsterdam.com\/#\/schema\/logo\/image\/","url":"https:\/\/brewbusamsterdam.com\/wp-content\/uploads\/2023\/02\/cropped-cropped-LOGO_BREWBUS_22_K__febd0d.png","contentUrl":"https:\/\/brewbusamsterdam.com\/wp-content\/uploads\/2023\/02\/cropped-cropped-LOGO_BREWBUS_22_K__febd0d.png","width":512,"height":512,"caption":"BREW BUS"},"image":{"@id":"https:\/\/brewbusamsterdam.com\/#\/schema\/logo\/image\/"}}]}},"_links":{"self":[{"href":"https:\/\/brewbusamsterdam.com\/de\/wp-json\/wp\/v2\/pages\/1118","targetHints":{"allow":["GET"]}}],"collection":[{"href":"https:\/\/brewbusamsterdam.com\/de\/wp-json\/wp\/v2\/pages"}],"about":[{"href":"https:\/\/brewbusamsterdam.com\/de\/wp-json\/wp\/v2\/types\/page"}],"author":[{"embeddable":true,"href":"https:\/\/brewbusamsterdam.com\/de\/wp-json\/wp\/v2\/users\/2"}],"replies":[{"embeddable":true,"href":"https:\/\/brewbusamsterdam.com\/de\/wp-json\/wp\/v2\/comments?post=1118"}],"version-history":[{"count":0,"href":"https:\/\/brewbusamsterdam.com\/de\/wp-json\/wp\/v2\/pages\/1118\/revisions"}],"wp:attachment":[{"href":"https:\/\/brewbusamsterdam.com\/de\/wp-json\/wp\/v2\/media?parent=1118"}],"curies":[{"name":"wp","href":"https:\/\/api.w.org\/{rel}","templated":true}]}}